{"id":1730,"date":"2023-03-29T17:46:13","date_gmt":"2023-03-29T22:46:13","guid":{"rendered":"https:\/\/dstbeautyec.com\/?post_type=product&#038;p=1730"},"modified":"2024-02-23T12:34:27","modified_gmt":"2024-02-23T17:34:27","slug":"kit-sacacomedones-4pcs","status":"publish","type":"product","link":"https:\/\/dstbeautyec.com\/index.php\/producto\/kit-sacacomedones-4pcs\/","title":{"rendered":"Kit Sacacomedones 4pcs"},"content":{"rendered":"<p>Kit Extractor Removedor Puntos Negros Espinillas Acn\u00e9 \u201c4\u201d Piezas<\/p>\n<p>Descripci\u00f3n:<\/p>\n<p>Kit de limpieza facial con 4 piezas adecuado para tratar espinillas, puntos negros, brotes de acn\u00e9, poros agrandados, etc.<\/p>\n<p>El estuche incluye cuatro piezas, las cuales cuentan cada una con dos puntas diferentes facilitando una mejor extracci\u00f3n de barros o espinillas. Vienen 4 piezas profesionales para satisfacer sus requisitos con funciones a cada lado. Total 8 funciones.<\/p>\n<p>El mejor momento para hacer uso del kit es despu\u00e9s de la ducha. Solo tienes que usar una toalla c\u00e1lida sobre la cara para abrir tus poros o un vaporizador que tambi\u00e9n disponemos.<\/p>\n<p>Hecho de acero inoxidable premium, sin oxidaci\u00f3n y duradero. F\u00e1cil de limpiar y desinfectar.<\/p>\n<p>Equipado con estuche Pl\u00e1stico<br \/>\nLigero y c\u00f3modo de llevar cuando se viaja.<\/p>\n","protected":false},"excerpt":{"rendered":"<p>Kit Extractor Removedor Puntos Negros Espinillas Acn\u00e9 \u201c4\u201d Piezas<\/p>\n","protected":false},"featured_media":1731,"comment_status":"open","ping_status":"closed","template":"","meta":{"om_disable_all_campaigns":false,"_monsterinsights_skip_tracking":false,"_monsterinsights_sitenote_active":false,"_monsterinsights_sitenote_note":"","_monsterinsights_sitenote_category":0},"product_brand":[],"product_cat":[22,25,115,87],"product_tag":[78],"class_list":{"0":"post-1730","1":"product","2":"type-product","3":"status-publish","4":"has-post-thumbnail","6":"product_cat-facial","7":"product_cat-belleza_en_casa","8":"product_cat-facial-insumos","9":"product_cat-maquinas_de_estetica","10":"product_tag-facial","12":"first","13":"instock","14":"taxable","15":"shipping-taxable","16":"product-type-simple"},"aioseo_notices":[],"jetpack_sharing_enabled":true,"_links":{"self":[{"href":"https:\/\/dstbeautyec.com\/index.php\/wp-json\/wp\/v2\/product\/1730","targetHints":{"allow":["GET"]}}],"collection":[{"href":"https:\/\/dstbeautyec.com\/index.php\/wp-json\/wp\/v2\/product"}],"about":[{"href":"https:\/\/dstbeautyec.com\/index.php\/wp-json\/wp\/v2\/types\/product"}],"replies":[{"embeddable":true,"href":"https:\/\/dstbeautyec.com\/index.php\/wp-json\/wp\/v2\/comments?post=1730"}],"version-history":[{"count":1,"href":"https:\/\/dstbeautyec.com\/index.php\/wp-json\/wp\/v2\/product\/1730\/revisions"}],"predecessor-version":[{"id":2134,"href":"https:\/\/dstbeautyec.com\/index.php\/wp-json\/wp\/v2\/product\/1730\/revisions\/2134"}],"wp:featuredmedia":[{"embeddable":true,"href":"https:\/\/dstbeautyec.com\/index.php\/wp-json\/wp\/v2\/media\/1731"}],"wp:attachment":[{"href":"https:\/\/dstbeautyec.com\/index.php\/wp-json\/wp\/v2\/media?parent=1730"}],"wp:term":[{"taxonomy":"product_brand","embeddable":true,"href":"https:\/\/dstbeautyec.com\/index.php\/wp-json\/wp\/v2\/product_brand?post=1730"},{"taxonomy":"product_cat","embeddable":true,"href":"https:\/\/dstbeautyec.com\/index.php\/wp-json\/wp\/v2\/product_cat?post=1730"},{"taxonomy":"product_tag","embeddable":true,"href":"https:\/\/dstbeautyec.com\/index.php\/wp-json\/wp\/v2\/product_tag?post=1730"}],"curies":[{"name":"wp","href":"https:\/\/api.w.org\/{rel}","templated":true}]}}